{"id":8325,"date":"2018-06-20T07:25:44","date_gmt":"2018-06-20T07:25:44","guid":{"rendered":"https:\/\/sphagnumbotanicals.com\/product\/psoriaid-sampoon-looduslik-leevendus-psoriaasi-vastu\/"},"modified":"2025-10-17T12:54:42","modified_gmt":"2025-10-17T12:54:42","slug":"psoriaid-sampoon-looduslik-leevendus-psoriaasi-vastu","status":"publish","type":"product","link":"https:\/\/sphagnumbotanicals.com\/et\/toode\/psoriaid-sampoon-looduslik-leevendus-psoriaasi-vastu\/","title":{"rendered":"PsoriAid \u0161ampoon \u2013 looduslik leevendus psoriaasi vastu"},"content":{"rendered":"<p>T\u00e4iesti looduslik psoriaasi \u0161ampoon, mis on spetsiaalselt loodud \u00e4rrituse rahustamiseks, p\u00f5letiku v\u00e4hendamiseks ja terve naha taastumise toetamiseks. Turbamuda annab olulisi mineraale ja niisutust, samas kui teepuu\u00f5li aitab toita ja v\u00e4rskendada peanahka. Piisavalt \u00f5rn igap\u00e4evaseks kasutamiseks, ohutu tundlikule nahale ja j\u00e4tab juuksed tervislikuks ja eluj\u00f5uliseks.  <\/p>\n<p>\u2705 <em>Tasuta saatmine k\u00f5igile tellimustele \u00fcle 30 dollari<br \/>\n<\/em>\u2705 <em>Kui te pole ostuga rahul, tagastame teile raha. K\u00fcsimusi ei esitata.<\/em><\/p>\n","protected":false},"excerpt":{"rendered":"<p><span style=\"font-weight: 400;\">Ainulaadne valem on spetsiaalselt loodud \u00e4rritunud ja p\u00f5letikuliste peanaha seisundite, nagu psoriaas, rahustamiseks ja leevendamiseks. Looduslik turbamuda on rikas kasulike mineraalide ja toitainete poolest, mis aitavad v\u00e4hendada punetust ja p\u00f5letikku, samas kui oliivi\u00f5li niisutab ja niisutab peanahka, j\u00e4ttes selle pehmeks ja siledaks. <\/span><\/p>\n<p>&nbsp;<\/p>\n<p>&nbsp;<\/p>\n","protected":false},"featured_media":7770,"comment_status":"open","ping_status":"closed","template":"","meta":{"_acf_changed":false,"site-sidebar-layout":"default","site-content-layout":"default","ast-main-header-display":"","ast-hfb-above-header-display":"","ast-hfb-below-header-display":"","ast-hfb-mobile-header-display":"","site-post-title":"","ast-breadcrumbs-content":"","ast-featured-img":"","footer-sml-layout":"","theme-transparent-header-meta":"default","adv-header-id-meta":"","stick-header-meta":"","header-above-stick-meta":"","header-main-stick-meta":"","header-below-stick-meta":""},"product_brand":[82],"product_cat":[134,136],"product_tag":[141],"class_list":{"0":"post-8325","1":"product","2":"type-product","3":"status-publish","4":"has-post-thumbnail","6":"product_brand-sphagnum-botanicals","7":"product_cat-psoriaas","8":"product_cat-ules","9":"product_tag-uusdev","11":"first","12":"instock","13":"featured","14":"shipping-taxable","15":"purchasable","16":"product-type-variable","17":"has-default-attributes"},"acf":[],"yoast_head":"<!-- This site is optimized with the Yoast SEO Premium plugin v26.0 (Yoast SEO v25.9) - https:\/\/yoast.com\/wordpress\/plugins\/seo\/ -->\n<title>PsoriAid \u0161ampoon \u2013 looduslik leevendus psoriaasi vastu - Sphagnum Botanicals<\/title>\n<meta name=\"description\" content=\"Looduslik psoriaasi \u0161ampoon turbamuda, mentooli ja teepuu\u00f5liga. Leevendab s\u00fcgelust, ketendust, punetust ja kuivust, et saavutada tervem peanahk.\" \/>\n<meta name=\"robots\" content=\"index, follow, max-snippet:-1, max-image-preview:large, max-video-preview:-1\" \/>\n<link rel=\"canonical\" href=\"https:\/\/sphagnumbotanicals.com\/et\/toode\/psoriaid-sampoon-looduslik-leevendus-psoriaasi-vastu\/\" \/>\n<meta property=\"og:locale\" content=\"et_EE\" \/>\n<meta property=\"og:type\" content=\"article\" \/>\n<meta property=\"og:title\" content=\"PsoriAid \u0161ampoon \u2013 looduslik leevendus psoriaasi vastu - Sphagnum Botanicals\" \/>\n<meta property=\"og:description\" content=\"Looduslik psoriaasi \u0161ampoon turbamuda, mentooli ja teepuu\u00f5liga. Leevendab s\u00fcgelust, ketendust, punetust ja kuivust, et saavutada tervem peanahk.\" \/>\n<meta property=\"og:url\" content=\"https:\/\/sphagnumbotanicals.com\/et\/toode\/psoriaid-sampoon-looduslik-leevendus-psoriaasi-vastu\/\" \/>\n<meta property=\"og:site_name\" content=\"Sphagnum Botanicals\" \/>\n<meta property=\"article:publisher\" content=\"https:\/\/www.facebook.com\/SphagnumBotanicals\" \/>\n<meta property=\"article:modified_time\" content=\"2025-10-17T12:54:42+00:00\" \/>\n<meta property=\"og:image\" content=\"https:\/\/sphagnumbotanicals.com\/wp-content\/uploads\/2018\/06\/1.jpg\" \/>\n\t<meta property=\"og:image:width\" content=\"1000\" \/>\n\t<meta property=\"og:image:height\" content=\"1000\" \/>\n\t<meta property=\"og:image:type\" content=\"image\/jpeg\" \/>\n<meta name=\"twitter:card\" content=\"summary_large_image\" \/>\n<meta name=\"twitter:site\" content=\"@SphagnumBotani1\" \/>\n<meta name=\"twitter:label1\" content=\"Availability\" \/>\n\t<meta name=\"twitter:data1\" content=\"In stock\" \/>\n<script type=\"application\/ld+json\" class=\"yoast-schema-graph\">{\"@context\":\"https:\/\/schema.org\",\"@graph\":[{\"@type\":\"WebPage\",\"@id\":\"https:\/\/sphagnumbotanicals.com\/et\/toode\/psoriaid-sampoon-looduslik-leevendus-psoriaasi-vastu\/\",\"url\":\"https:\/\/sphagnumbotanicals.com\/et\/toode\/psoriaid-sampoon-looduslik-leevendus-psoriaasi-vastu\/\",\"name\":\"PsoriAid \u0161ampoon \u2013 looduslik leevendus psoriaasi vastu - Sphagnum Botanicals\",\"isPartOf\":{\"@id\":\"https:\/\/sphagnumbotanicals.com\/et\/#website\"},\"primaryImageOfPage\":{\"@id\":\"https:\/\/sphagnumbotanicals.com\/et\/toode\/psoriaid-sampoon-looduslik-leevendus-psoriaasi-vastu\/#primaryimage\"},\"image\":{\"@id\":\"https:\/\/sphagnumbotanicals.com\/et\/toode\/psoriaid-sampoon-looduslik-leevendus-psoriaasi-vastu\/#primaryimage\"},\"thumbnailUrl\":\"https:\/\/sphagnumbotanicals.com\/wp-content\/uploads\/2018\/06\/1.jpg\",\"datePublished\":\"2018-06-20T07:25:44+00:00\",\"dateModified\":\"2025-10-17T12:54:42+00:00\",\"description\":\"Looduslik psoriaasi \u0161ampoon turbamuda, mentooli ja teepuu\u00f5liga. Leevendab s\u00fcgelust, ketendust, punetust ja kuivust, et saavutada tervem peanahk.\",\"breadcrumb\":{\"@id\":\"https:\/\/sphagnumbotanicals.com\/et\/toode\/psoriaid-sampoon-looduslik-leevendus-psoriaasi-vastu\/#breadcrumb\"},\"inLanguage\":\"et\",\"potentialAction\":[{\"@type\":\"ReadAction\",\"target\":[\"https:\/\/sphagnumbotanicals.com\/et\/toode\/psoriaid-sampoon-looduslik-leevendus-psoriaasi-vastu\/\"]}]},{\"@type\":\"ImageObject\",\"inLanguage\":\"et\",\"@id\":\"https:\/\/sphagnumbotanicals.com\/et\/toode\/psoriaid-sampoon-looduslik-leevendus-psoriaasi-vastu\/#primaryimage\",\"url\":\"https:\/\/sphagnumbotanicals.com\/wp-content\/uploads\/2018\/06\/1.jpg\",\"contentUrl\":\"https:\/\/sphagnumbotanicals.com\/wp-content\/uploads\/2018\/06\/1.jpg\",\"width\":1000,\"height\":1000,\"caption\":\"PsoriAid \u0161ampoon pakub looduslikku leevendust psoriaasi, k\u00f5\u00f5ma ja s\u00fcgeleva peanaha vastu 250ml\"},{\"@type\":\"BreadcrumbList\",\"@id\":\"https:\/\/sphagnumbotanicals.com\/et\/toode\/psoriaid-sampoon-looduslik-leevendus-psoriaasi-vastu\/#breadcrumb\",\"itemListElement\":[{\"@type\":\"ListItem\",\"position\":1,\"name\":\"Home\",\"item\":\"https:\/\/sphagnumbotanicals.com\/et\/avaleht\/\"},{\"@type\":\"ListItem\",\"position\":2,\"name\":\"Pood\",\"item\":\"https:\/\/sphagnumbotanicals.com\/et\/pood\/\"},{\"@type\":\"ListItem\",\"position\":3,\"name\":\"PsoriAid \u0161ampoon \u2013 looduslik leevendus psoriaasi vastu\"}]},{\"@type\":\"WebSite\",\"@id\":\"https:\/\/sphagnumbotanicals.com\/et\/#website\",\"url\":\"https:\/\/sphagnumbotanicals.com\/et\/\",\"name\":\"Sphagnum Botanicals\",\"description\":\"Nordic Nature in Your Bathroom\",\"potentialAction\":[{\"@type\":\"SearchAction\",\"target\":{\"@type\":\"EntryPoint\",\"urlTemplate\":\"https:\/\/sphagnumbotanicals.com\/et\/?s={search_term_string}\"},\"query-input\":{\"@type\":\"PropertyValueSpecification\",\"valueRequired\":true,\"valueName\":\"search_term_string\"}}],\"inLanguage\":\"et\"}]}<\/script>\n<meta property=\"og:availability\" content=\"instock\" \/>\n<meta property=\"product:availability\" content=\"instock\" \/>\n<meta property=\"product:retailer_item_id\" content=\"AMZ-PAS25\" \/>\n<meta property=\"product:condition\" content=\"new\" \/>\n<!-- \/ Yoast SEO Premium plugin. -->","yoast_head_json":{"title":"PsoriAid \u0161ampoon \u2013 looduslik leevendus psoriaasi vastu - Sphagnum Botanicals","description":"Looduslik psoriaasi \u0161ampoon turbamuda, mentooli ja teepuu\u00f5liga. Leevendab s\u00fcgelust, ketendust, punetust ja kuivust, et saavutada tervem peanahk.","robots":{"index":"index","follow":"follow","max-snippet":"max-snippet:-1","max-image-preview":"max-image-preview:large","max-video-preview":"max-video-preview:-1"},"canonical":"https:\/\/sphagnumbotanicals.com\/et\/toode\/psoriaid-sampoon-looduslik-leevendus-psoriaasi-vastu\/","og_locale":"et_EE","og_type":"article","og_title":"PsoriAid \u0161ampoon \u2013 looduslik leevendus psoriaasi vastu - Sphagnum Botanicals","og_description":"Looduslik psoriaasi \u0161ampoon turbamuda, mentooli ja teepuu\u00f5liga. Leevendab s\u00fcgelust, ketendust, punetust ja kuivust, et saavutada tervem peanahk.","og_url":"https:\/\/sphagnumbotanicals.com\/et\/toode\/psoriaid-sampoon-looduslik-leevendus-psoriaasi-vastu\/","og_site_name":"Sphagnum Botanicals","article_publisher":"https:\/\/www.facebook.com\/SphagnumBotanicals","article_modified_time":"2025-10-17T12:54:42+00:00","og_image":[{"width":1000,"height":1000,"url":"https:\/\/sphagnumbotanicals.com\/wp-content\/uploads\/2018\/06\/1.jpg","type":"image\/jpeg"}],"twitter_card":"summary_large_image","twitter_site":"@SphagnumBotani1","twitter_misc":{"Availability":"In stock"},"schema":{"@context":"https:\/\/schema.org","@graph":[{"@type":"WebPage","@id":"https:\/\/sphagnumbotanicals.com\/et\/toode\/psoriaid-sampoon-looduslik-leevendus-psoriaasi-vastu\/","url":"https:\/\/sphagnumbotanicals.com\/et\/toode\/psoriaid-sampoon-looduslik-leevendus-psoriaasi-vastu\/","name":"PsoriAid \u0161ampoon \u2013 looduslik leevendus psoriaasi vastu - Sphagnum Botanicals","isPartOf":{"@id":"https:\/\/sphagnumbotanicals.com\/et\/#website"},"primaryImageOfPage":{"@id":"https:\/\/sphagnumbotanicals.com\/et\/toode\/psoriaid-sampoon-looduslik-leevendus-psoriaasi-vastu\/#primaryimage"},"image":{"@id":"https:\/\/sphagnumbotanicals.com\/et\/toode\/psoriaid-sampoon-looduslik-leevendus-psoriaasi-vastu\/#primaryimage"},"thumbnailUrl":"https:\/\/sphagnumbotanicals.com\/wp-content\/uploads\/2018\/06\/1.jpg","datePublished":"2018-06-20T07:25:44+00:00","dateModified":"2025-10-17T12:54:42+00:00","description":"Looduslik psoriaasi \u0161ampoon turbamuda, mentooli ja teepuu\u00f5liga. Leevendab s\u00fcgelust, ketendust, punetust ja kuivust, et saavutada tervem peanahk.","breadcrumb":{"@id":"https:\/\/sphagnumbotanicals.com\/et\/toode\/psoriaid-sampoon-looduslik-leevendus-psoriaasi-vastu\/#breadcrumb"},"inLanguage":"et","potentialAction":[{"@type":"ReadAction","target":["https:\/\/sphagnumbotanicals.com\/et\/toode\/psoriaid-sampoon-looduslik-leevendus-psoriaasi-vastu\/"]}]},{"@type":"ImageObject","inLanguage":"et","@id":"https:\/\/sphagnumbotanicals.com\/et\/toode\/psoriaid-sampoon-looduslik-leevendus-psoriaasi-vastu\/#primaryimage","url":"https:\/\/sphagnumbotanicals.com\/wp-content\/uploads\/2018\/06\/1.jpg","contentUrl":"https:\/\/sphagnumbotanicals.com\/wp-content\/uploads\/2018\/06\/1.jpg","width":1000,"height":1000,"caption":"PsoriAid \u0161ampoon pakub looduslikku leevendust psoriaasi, k\u00f5\u00f5ma ja s\u00fcgeleva peanaha vastu 250ml"},{"@type":"BreadcrumbList","@id":"https:\/\/sphagnumbotanicals.com\/et\/toode\/psoriaid-sampoon-looduslik-leevendus-psoriaasi-vastu\/#breadcrumb","itemListElement":[{"@type":"ListItem","position":1,"name":"Home","item":"https:\/\/sphagnumbotanicals.com\/et\/avaleht\/"},{"@type":"ListItem","position":2,"name":"Pood","item":"https:\/\/sphagnumbotanicals.com\/et\/pood\/"},{"@type":"ListItem","position":3,"name":"PsoriAid \u0161ampoon \u2013 looduslik leevendus psoriaasi vastu"}]},{"@type":"WebSite","@id":"https:\/\/sphagnumbotanicals.com\/et\/#website","url":"https:\/\/sphagnumbotanicals.com\/et\/","name":"Sphagnum Botanicals","description":"Nordic Nature in Your Bathroom","potentialAction":[{"@type":"SearchAction","target":{"@type":"EntryPoint","urlTemplate":"https:\/\/sphagnumbotanicals.com\/et\/?s={search_term_string}"},"query-input":{"@type":"PropertyValueSpecification","valueRequired":true,"valueName":"search_term_string"}}],"inLanguage":"et"}]},"og_availability":"instock","product_availability":"instock","product_retailer_item_id":"AMZ-PAS25","product_condition":"new"},"_links":{"self":[{"href":"https:\/\/sphagnumbotanicals.com\/et\/wp-json\/wp\/v2\/product\/8325","targetHints":{"allow":["GET"]}}],"collection":[{"href":"https:\/\/sphagnumbotanicals.com\/et\/wp-json\/wp\/v2\/product"}],"about":[{"href":"https:\/\/sphagnumbotanicals.com\/et\/wp-json\/wp\/v2\/types\/product"}],"replies":[{"embeddable":true,"href":"https:\/\/sphagnumbotanicals.com\/et\/wp-json\/wp\/v2\/comments?post=8325"}],"version-history":[{"count":0,"href":"https:\/\/sphagnumbotanicals.com\/et\/wp-json\/wp\/v2\/product\/8325\/revisions"}],"wp:featuredmedia":[{"embeddable":true,"href":"https:\/\/sphagnumbotanicals.com\/et\/wp-json\/wp\/v2\/media\/7770"}],"wp:attachment":[{"href":"https:\/\/sphagnumbotanicals.com\/et\/wp-json\/wp\/v2\/media?parent=8325"}],"wp:term":[{"taxonomy":"product_brand","embeddable":true,"href":"https:\/\/sphagnumbotanicals.com\/et\/wp-json\/wp\/v2\/product_brand?post=8325"},{"taxonomy":"product_cat","embeddable":true,"href":"https:\/\/sphagnumbotanicals.com\/et\/wp-json\/wp\/v2\/product_cat?post=8325"},{"taxonomy":"product_tag","embeddable":true,"href":"https:\/\/sphagnumbotanicals.com\/et\/wp-json\/wp\/v2\/product_tag?post=8325"}],"curies":[{"name":"wp","href":"https:\/\/api.w.org\/{rel}","templated":true}]}}